{"id":19,"date":"2023-09-29T08:07:56","date_gmt":"2023-09-29T08:07:56","guid":{"rendered":"https:\/\/demo.bravisthemes.com\/gotranscom\/?page_id=19"},"modified":"2024-12-05T12:21:14","modified_gmt":"2024-12-05T09:21:14","slug":"haufig-gestellte-fragen","status":"publish","type":"page","link":"https:\/\/visormarkise.de\/en\/haufig-gestellte-fragen\/","title":{"rendered":"FAQ"},"content":{"rendered":"<div data-elementor-type=\"wp-page\" data-elementor-id=\"19\" class=\"elementor elementor-19\" data-elementor-post-type=\"page\">\n\t\t\t\t        <section class=\"elementor-section elementor-top-section elementor-element elementor-element-3197b6e elementor-section-stretched elementor-section-boxed elementor-section-height-default elementor-section-height-default pxl-row-scroll-none pxl-section-overflow-visible pxl-bg-color-none pxl-section-overlay-none\" data-id=\"3197b6e\" data-element_type=\"section\" data-settings=\"{&quot;stretch_section&quot;:&quot;section-stretched&quot;}\">\n\n                \n                <div class=\"elementor-container elementor-column-gap-extended\">\n                <div class=\"elementor-column elementor-col-100 elementor-top-column elementor-element elementor-element-6994486 pxl-column-none pxl-column-overflow-hidden-no\" data-id=\"6994486\" data-element_type=\"column\">\r\n        <div class=\"elementor-widget-wrap elementor-element-populated\">\r\n                     \r\n        \t\t<div class=\"elementor-element elementor-element-2a434e0 elementor-widget elementor-widget-pxl_heading\" data-id=\"2a434e0\" data-element_type=\"widget\" data-widget_type=\"pxl_heading.default\">\n\t\t\t\t<div class=\"elementor-widget-container\">\n\t\t\t<div id=\"pxl-pxl_heading-2a434e0-5932\" class=\"pxl-heading pxl-heading--tcustom px-sub-title-box-style\">\n\t<div class=\"pxl-heading--inner\">\n\t\t\t\t\n\t\t<div class=\"pxl-item--subtitle px-sub-title-box\" data-wow-delay=\"ms\">\n\t\t\t<span class=\"pxl-item--subtext\">\n\t\t\t\t\t\t\t\tH\u00c4UFIG GESTELLTE FRAGEN\t\t\t<\/span>\n\t\t<\/div>\n\t\t\n\t<h3 class=\"pxl-item--title\" data-wow-delay=\"ms\">\n\tDo You Have Questions?<br>\nHier finden Sie die Antwort\t\t\t\n\t<\/h3>\n\t\n<\/div>\n<\/div>\t\t<\/div>\n\t\t\t\t<\/div>\n\t\t\t\t<div class=\"elementor-element elementor-element-bd9ef98 elementor-widget elementor-widget-pxl_accordion\" data-id=\"bd9ef98\" data-element_type=\"widget\" data-widget_type=\"pxl_accordion.default\">\n\t\t\t\t<div class=\"elementor-widget-container\">\n\t\t\t    <div class=\"pxl-accordion pxl-accordion1\" data-wow-delay=\"ms\">\r\n                    <div class=\"pxl--item active\">\r\n                <h5 class=\"pxl-item--title\" data-target=\"#pxl_accordion-bd9ef98-6039-fdddbc5\">\r\n                                <span class=\"pxl-title--text\">What are your main services?<\/span>\r\n                <i class=\"icon-plus\"><\/i>\r\n                <\/h5>\r\n                <div id=\"pxl_accordion-bd9ef98-6039-fdddbc5\" class=\"pxl-item--content\" style=\"display: block;\">We offer a variety of services including [insert your main services here]. For more details, see our services page.<\/div>\r\n            <\/div>\r\n                    <div class=\"pxl--item\">\r\n                <h5 class=\"pxl-item--title\" data-target=\"#pxl_accordion-bd9ef98-6039-689e474\">\r\n                                <span class=\"pxl-title--text\">How can I request a quote?<\/span>\r\n                <i class=\"icon-plus\"><\/i>\r\n                <\/h5>\r\n                <div id=\"pxl_accordion-bd9ef98-6039-689e474\" class=\"pxl-item--content\" >You can request a quote by filling out the request form on our website or by contacting us directly by email or phone.<\/div>\r\n            <\/div>\r\n                    <div class=\"pxl--item\">\r\n                <h5 class=\"pxl-item--title\" data-target=\"#pxl_accordion-bd9ef98-6039-647c7a7\">\r\n                                <span class=\"pxl-title--text\">Do you offer customized solutions?<\/span>\r\n                <i class=\"icon-plus\"><\/i>\r\n                <\/h5>\r\n                <div id=\"pxl_accordion-bd9ef98-6039-647c7a7\" class=\"pxl-item--content\" >Yes, we offer bespoke solutions tailored to our clients' specific needs. Contact us to discuss your requirements.<\/div>\r\n            <\/div>\r\n                    <div class=\"pxl--item\">\r\n                <h5 class=\"pxl-item--title\" data-target=\"#pxl_accordion-bd9ef98-6039-abf2f47\">\r\n                                <span class=\"pxl-title--text\">How long does it take to process my request?<\/span>\r\n                <i class=\"icon-plus\"><\/i>\r\n                <\/h5>\r\n                <div id=\"pxl_accordion-bd9ef98-6039-abf2f47\" class=\"pxl-item--content\" >The processing of your request depends on the type of service. You will usually receive a response within 1-3 working days.<\/div>\r\n            <\/div>\r\n                    <div class=\"pxl--item\">\r\n                <h5 class=\"pxl-item--title\" data-target=\"#pxl_accordion-bd9ef98-6039-32d7dc5\">\r\n                                <span class=\"pxl-title--text\">Which payment methods do you accept?<\/span>\r\n                <i class=\"icon-plus\"><\/i>\r\n                <\/h5>\r\n                <div id=\"pxl_accordion-bd9ef98-6039-32d7dc5\" class=\"pxl-item--content\" >We accept common payment methods such as bank transfer, credit card and PayPal. For more details, please visit our payment page.<\/div>\r\n            <\/div>\r\n                    <div class=\"pxl--item\">\r\n                <h5 class=\"pxl-item--title\" data-target=\"#pxl_accordion-bd9ef98-6039-0751842\">\r\n                                <span class=\"pxl-title--text\">Is there a guarantee on your services?<\/span>\r\n                <i class=\"icon-plus\"><\/i>\r\n                <\/h5>\r\n                <div id=\"pxl_accordion-bd9ef98-6039-0751842\" class=\"pxl-item--content\" >Yes, we offer a guarantee on all our services. Please refer to the guarantee information on our website for exact terms and conditions.<\/div>\r\n            <\/div>\r\n                    <div class=\"pxl--item\">\r\n                <h5 class=\"pxl-item--title\" data-target=\"#pxl_accordion-bd9ef98-6039-72668ca\">\r\n                                <span class=\"pxl-title--text\">Can I track the progress of a project?<\/span>\r\n                <i class=\"icon-plus\"><\/i>\r\n                <\/h5>\r\n                <div id=\"pxl_accordion-bd9ef98-6039-72668ca\" class=\"pxl-item--content\" >Yes, you can view the progress of your project at any time by logging into your customer account or by contacting our support team directly.<\/div>\r\n            <\/div>\r\n                    <div class=\"pxl--item\">\r\n                <h5 class=\"pxl-item--title\" data-target=\"#pxl_accordion-bd9ef98-6039-6fef283\">\r\n                                <span class=\"pxl-title--text\">Do you have customer service?<\/span>\r\n                <i class=\"icon-plus\"><\/i>\r\n                <\/h5>\r\n                <div id=\"pxl_accordion-bd9ef98-6039-6fef283\" class=\"pxl-item--content\" >Yes, our customer service is always available. You can contact us by email, phone or using the contact form.<\/div>\r\n            <\/div>\r\n                    <div class=\"pxl--item\">\r\n                <h5 class=\"pxl-item--title\" data-target=\"#pxl_accordion-bd9ef98-6039-2f28326\">\r\n                                <span class=\"pxl-title--text\">Do you offer training or consulting?<\/span>\r\n                <i class=\"icon-plus\"><\/i>\r\n                <\/h5>\r\n                <div id=\"pxl_accordion-bd9ef98-6039-2f28326\" class=\"pxl-item--content\" >Yes, we offer training and consulting specifically tailored to our clients' needs. For more information, visit our training page.<\/div>\r\n            <\/div>\r\n                    <div class=\"pxl--item\">\r\n                <h5 class=\"pxl-item--title\" data-target=\"#pxl_accordion-bd9ef98-6039-666b304\">\r\n                                <span class=\"pxl-title--text\">How can I delete or change my account?<\/span>\r\n                <i class=\"icon-plus\"><\/i>\r\n                <\/h5>\r\n                <div id=\"pxl_accordion-bd9ef98-6039-666b304\" class=\"pxl-item--content\" >If you would like to delete or change your account, you can do so through your account settings or contact us directly for assistance.<\/div>\r\n            <\/div>\r\n            <\/div>\r\n    \t\t<\/div>\n\t\t\t\t<\/div>\n\t\t            <\/div>\r\n        <\/div>\r\n        \t\t\t<\/div>\n\t\t<\/section>\n\t\t\t\t<\/div>","protected":false},"excerpt":{"rendered":"<p>H\u00c4UFIG GESTELLTE FRAGEN Haben Sie Fragen? Hier finden Sie die Antwort Was sind Ihre Hauptdienstleistungen? Wir bieten eine Vielzahl von Dienstleistungen an, darunter [Ihre Hauptdienstleistungen hier einf\u00fcgen]. Weitere Details finden Sie auf unserer Dienstleistungsseite. Wie kann ich ein Angebot anfordern? Sie k\u00f6nnen ein Angebot anfordern, indem Sie das Anfrageformular auf unserer Website ausf\u00fcllen oder uns [&hellip;]<\/p>","protected":false},"author":1,"featured_media":0,"parent":0,"menu_order":0,"comment_status":"closed","ping_status":"closed","template":"","meta":{"_joinchat":[],"footnotes":""},"class_list":["post-19","page","type-page","status-publish","hentry"],"_links":{"self":[{"href":"https:\/\/visormarkise.de\/en\/wp-json\/wp\/v2\/pages\/19","targetHints":{"allow":["GET"]}}],"collection":[{"href":"https:\/\/visormarkise.de\/en\/wp-json\/wp\/v2\/pages"}],"about":[{"href":"https:\/\/visormarkise.de\/en\/wp-json\/wp\/v2\/types\/page"}],"author":[{"embeddable":true,"href":"https:\/\/visormarkise.de\/en\/wp-json\/wp\/v2\/users\/1"}],"replies":[{"embeddable":true,"href":"https:\/\/visormarkise.de\/en\/wp-json\/wp\/v2\/comments?post=19"}],"version-history":[{"count":19,"href":"https:\/\/visormarkise.de\/en\/wp-json\/wp\/v2\/pages\/19\/revisions"}],"predecessor-version":[{"id":11019,"href":"https:\/\/visormarkise.de\/en\/wp-json\/wp\/v2\/pages\/19\/revisions\/11019"}],"wp:attachment":[{"href":"https:\/\/visormarkise.de\/en\/wp-json\/wp\/v2\/media?parent=19"}],"curies":[{"name":"wp","href":"https:\/\/api.w.org\/{rel}","templated":true}]}}