{"id":46,"date":"2023-09-29T08:12:02","date_gmt":"2023-09-29T08:12:02","guid":{"rendered":"https:\/\/demo.bravisthemes.com\/gotranscom\/?page_id=46"},"modified":"2024-11-17T20:20:29","modified_gmt":"2024-11-17T17:20:29","slug":"dienstleistungen","status":"publish","type":"page","link":"https:\/\/visormarkise.de\/en\/dienstleistungen\/","title":{"rendered":"Services"},"content":{"rendered":"<div data-elementor-type=\"wp-page\" data-elementor-id=\"46\" class=\"elementor elementor-46\" data-elementor-post-type=\"page\">\n\t\t\t\t        <section class=\"elementor-section elementor-top-section elementor-element elementor-element-cd8009a elementor-section-stretched elementor-section-boxed elementor-section-height-default elementor-section-height-default pxl-row-scroll-none pxl-section-overflow-visible pxl-bg-color-none pxl-section-overlay-none\" data-id=\"cd8009a\" data-element_type=\"section\" data-settings=\"{&quot;stretch_section&quot;:&quot;section-stretched&quot;}\">\n\n                \n                <div class=\"elementor-container elementor-column-gap-extended\">\n                <div class=\"elementor-column elementor-col-100 elementor-top-column elementor-element elementor-element-6d112a1 pxl-column-none pxl-column-overflow-hidden-no\" data-id=\"6d112a1\" data-element_type=\"column\">\r\n        <div class=\"elementor-widget-wrap elementor-element-populated\">\r\n                     \r\n        \t\t<div class=\"elementor-element elementor-element-86c3e5d pxl-post-layout-service-1 hizsayhizler elementor-widget elementor-widget-pxl_post_grid\" data-id=\"86c3e5d\" data-element_type=\"widget\" data-widget_type=\"pxl_post_grid.default\">\n\t\t\t\t<div class=\"elementor-widget-container\">\n\t\t\t\n<div id=\"pxl_post_grid-86c3e5d-7907\" class=\"pxl-grid pxl-service-grid pxl-service-grid-layout1 pxl-service-style1 style-1\" data-layout=\"masonry\" data-start-page=\"1\" data-max-pages=\"1\" data-total=\"6\" data-perpage=\"50\" data-next-link=\"\">\n    \n    <div class=\"pxl-grid-inner pxl-grid-masonry row\" data-gutter=\"15\">\n        <div class=\"grid-sizer col-xl-4 col-lg-4 col-md-6 col-sm-12 col-12\"><\/div>\n                    <div class=\"pxl-grid-item col-xl-4 col-lg-4 col-md-6 col-sm-12 col-12 dienst\">\n                <div class=\"pxl-item--inner\" data-wow-duration=\"1.2s\">\n                                        <div class=\"pxl-item--featured\">\n                        <a href=\"https:\/\/visormarkise.de\/en\/dienst\/glasdach-markise\/\">\n                            <img fetchpriority=\"high\" decoding=\"async\" class=\"\" src=\"https:\/\/visormarkise.de\/wp-content\/uploads\/2024\/11\/564342435465467-1000x650.jpg\" width=\"1000\" height=\"650\" alt=\"564342435465467\" title=\"564342435465467\" \/>                        <\/a>\n                    <\/div>\n                                <div class=\"wrap-inner\">\n                                                                <div class=\"pxl-icon\">\n                                                    <\/div>\n                                        <h5 class=\"pxl-item--title\">\n                        <a href=\"https:\/\/visormarkise.de\/en\/dienst\/glasdach-markise\/\">Glass Roof Awning<\/a>\n                    <\/h5>\n                    <div class=\"item--content\">\n                        A glass roof awning is the perfect solution for those who want both\u2026                    <\/div>\n                    <div class=\"pxl-item--readmore\">\n                        <a class=\"btn-readmore\" href=\"https:\/\/visormarkise.de\/en\/dienst\/glasdach-markise\/\">\n                            <span>\n                                Read More                            <\/span>\n                        <\/a>\n                    <\/div>\n                <\/div>\n            <\/div>\n        <\/div>\n                    <div class=\"pxl-grid-item col-xl-4 col-lg-4 col-md-6 col-sm-12 col-12 dienst\">\n                <div class=\"pxl-item--inner\" data-wow-duration=\"1.2s\">\n                                        <div class=\"pxl-item--featured\">\n                        <a href=\"https:\/\/visormarkise.de\/en\/dienst\/guillotine-glas-systeme\/\">\n                            <img decoding=\"async\" class=\"\" src=\"https:\/\/visormarkise.de\/wp-content\/uploads\/2024\/11\/6-giyotin-cam-1000x650.jpg\" width=\"1000\" height=\"650\" alt=\"6-giyotin-cam\" title=\"6-giyotin-cam\" \/>                        <\/a>\n                    <\/div>\n                                <div class=\"wrap-inner\">\n                                                                <div class=\"pxl-icon\">\n                                                    <\/div>\n                                        <h5 class=\"pxl-item--title\">\n                        <a href=\"https:\/\/visormarkise.de\/en\/dienst\/guillotine-glas-systeme\/\">Guillotine Glass Systems<\/a>\n                    <\/h5>\n                    <div class=\"item--content\">\n                        Guillotine glass systems are an innovative solution for flexible and stylish outdoor areas.\u2026                    <\/div>\n                    <div class=\"pxl-item--readmore\">\n                        <a class=\"btn-readmore\" href=\"https:\/\/visormarkise.de\/en\/dienst\/guillotine-glas-systeme\/\">\n                            <span>\n                                Read More                            <\/span>\n                        <\/a>\n                    <\/div>\n                <\/div>\n            <\/div>\n        <\/div>\n                    <div class=\"pxl-grid-item col-xl-4 col-lg-4 col-md-6 col-sm-12 col-12 dienst\">\n                <div class=\"pxl-item--inner\" data-wow-duration=\"1.2s\">\n                                        <div class=\"pxl-item--featured\">\n                        <a href=\"https:\/\/visormarkise.de\/en\/dienst\/rolling-roof\/\">\n                            <img decoding=\"async\" class=\"\" src=\"https:\/\/visormarkise.de\/wp-content\/uploads\/2024\/03\/3565468568-1000x650.jpg\" width=\"1000\" height=\"650\" alt=\"3565468568\" title=\"3565468568\" \/>                        <\/a>\n                    <\/div>\n                                <div class=\"wrap-inner\">\n                                                                <div class=\"pxl-icon\">\n                                                    <\/div>\n                                        <h5 class=\"pxl-item--title\">\n                        <a href=\"https:\/\/visormarkise.de\/en\/dienst\/rolling-roof\/\">Rolling Roof<\/a>\n                    <\/h5>\n                    <div class=\"item--content\">\n                        The Rolling Roof system represents the latest technology for outdoor use\u2026                    <\/div>\n                    <div class=\"pxl-item--readmore\">\n                        <a class=\"btn-readmore\" href=\"https:\/\/visormarkise.de\/en\/dienst\/rolling-roof\/\">\n                            <span>\n                                Read More                            <\/span>\n                        <\/a>\n                    <\/div>\n                <\/div>\n            <\/div>\n        <\/div>\n                    <div class=\"pxl-grid-item col-xl-4 col-lg-4 col-md-6 col-sm-12 col-12 dienst\">\n                <div class=\"pxl-item--inner\" data-wow-duration=\"1.2s\">\n                                        <div class=\"pxl-item--featured\">\n                        <a href=\"https:\/\/visormarkise.de\/en\/dienst\/bioklimatische-systeme\/\">\n                            <img loading=\"lazy\" decoding=\"async\" class=\"\" src=\"https:\/\/visormarkise.de\/wp-content\/uploads\/2024\/11\/457688098866-1000x650.jpg\" width=\"1000\" height=\"650\" alt=\"457688098866\" title=\"457688098866\" \/>                        <\/a>\n                    <\/div>\n                                <div class=\"wrap-inner\">\n                                                                <div class=\"pxl-icon\">\n                                                    <\/div>\n                                        <h5 class=\"pxl-item--title\">\n                        <a href=\"https:\/\/visormarkise.de\/en\/dienst\/bioklimatische-systeme\/\">Bioclimatic Systems<\/a>\n                    <\/h5>\n                    <div class=\"item--content\">\n                        Bioclimatic systems offer a harmonious combination of functionality and environmental awareness.\u2026                    <\/div>\n                    <div class=\"pxl-item--readmore\">\n                        <a class=\"btn-readmore\" href=\"https:\/\/visormarkise.de\/en\/dienst\/bioklimatische-systeme\/\">\n                            <span>\n                                Read More                            <\/span>\n                        <\/a>\n                    <\/div>\n                <\/div>\n            <\/div>\n        <\/div>\n                    <div class=\"pxl-grid-item col-xl-4 col-lg-4 col-md-6 col-sm-12 col-12 dienst\">\n                <div class=\"pxl-item--inner\" data-wow-duration=\"1.2s\">\n                                        <div class=\"pxl-item--featured\">\n                        <a href=\"https:\/\/visormarkise.de\/en\/dienst\/pergola-markise\/\">\n                            <img loading=\"lazy\" decoding=\"async\" class=\"\" src=\"https:\/\/visormarkise.de\/wp-content\/uploads\/2024\/11\/1-pergole-tente-1000x650.jpg\" width=\"1000\" height=\"650\" alt=\"1-pergole-tente\" title=\"1-pergole-tente\" \/>                        <\/a>\n                    <\/div>\n                                <div class=\"wrap-inner\">\n                                                                <div class=\"pxl-icon\">\n                                                    <\/div>\n                                        <h5 class=\"pxl-item--title\">\n                        <a href=\"https:\/\/visormarkise.de\/en\/dienst\/pergola-markise\/\">Pergola Awning<\/a>\n                    <\/h5>\n                    <div class=\"item--content\">\n                        The pergola awning is the perfect combination of protection and\u2026                    <\/div>\n                    <div class=\"pxl-item--readmore\">\n                        <a class=\"btn-readmore\" href=\"https:\/\/visormarkise.de\/en\/dienst\/pergola-markise\/\">\n                            <span>\n                                Read More                            <\/span>\n                        <\/a>\n                    <\/div>\n                <\/div>\n            <\/div>\n        <\/div>\n                    <div class=\"pxl-grid-item col-xl-4 col-lg-4 col-md-6 col-sm-12 col-12 dienst\">\n                <div class=\"pxl-item--inner\" data-wow-duration=\"1.2s\">\n                                        <div class=\"pxl-item--featured\">\n                        <a href=\"https:\/\/visormarkise.de\/en\/dienst\/gebogene-pergola\/\">\n                            <img loading=\"lazy\" decoding=\"async\" class=\"\" src=\"https:\/\/visormarkise.de\/wp-content\/uploads\/2024\/11\/556878077856-1000x650.jpg\" width=\"1000\" height=\"650\" alt=\"556878077856\" title=\"556878077856\" \/>                        <\/a>\n                    <\/div>\n                                <div class=\"wrap-inner\">\n                                                                <div class=\"pxl-icon\">\n                                                    <\/div>\n                                        <h5 class=\"pxl-item--title\">\n                        <a href=\"https:\/\/visormarkise.de\/en\/dienst\/gebogene-pergola\/\">Curved Pergola<\/a>\n                    <\/h5>\n                    <div class=\"item--content\">\n                        The curved pergola is a unique architectural element that combines functionality\u2026                    <\/div>\n                    <div class=\"pxl-item--readmore\">\n                        <a class=\"btn-readmore\" href=\"https:\/\/visormarkise.de\/en\/dienst\/gebogene-pergola\/\">\n                            <span>\n                                Read More                            <\/span>\n                        <\/a>\n                    <\/div>\n                <\/div>\n            <\/div>\n        <\/div>\n            <\/div>\n            <div class=\"pxl-grid-pagination\" data-loadmore=\"{&quot;post_type&quot;:&quot;service&quot;,&quot;layout&quot;:&quot;service-1&quot;,&quot;startPage&quot;:1,&quot;maxPages&quot;:1,&quot;total&quot;:6,&quot;perpage&quot;:50,&quot;nextLink&quot;:&quot;&quot;,&quot;source&quot;:[],&quot;orderby&quot;:&quot;date&quot;,&quot;order&quot;:&quot;desc&quot;,&quot;limit&quot;:50,&quot;post_ids&quot;:&quot;&quot;,&quot;col_xl&quot;:4,&quot;col_lg&quot;:4,&quot;col_md&quot;:6,&quot;col_sm&quot;:12,&quot;col_xs&quot;:12,&quot;pagination_type&quot;:&quot;pagination&quot;,&quot;show_excerpt&quot;:&quot;true&quot;,&quot;num_words&quot;:25,&quot;show_button&quot;:&quot;true&quot;,&quot;button_text&quot;:&quot;Mehr Lesen&quot;,&quot;img_size&quot;:&quot;1000x650&quot;,&quot;grid_masonry&quot;:&quot;&quot;,&quot;pxl_animate&quot;:&quot;&quot;,&quot;html_id&quot;:&quot;pxl_post_grid-86c3e5d-7907&quot;,&quot;tax&quot;:[&quot;service-category&quot;]}\" data-query=\"{&quot;post_type&quot;:&quot;service&quot;,&quot;post_status&quot;:&quot;publish&quot;,&quot;posts_per_page&quot;:50,&quot;order&quot;:&quot;desc&quot;,&quot;orderby&quot;:&quot;date&quot;,&quot;tax_query&quot;:{&quot;relation&quot;:&quot;OR&quot;},&quot;post__not_in&quot;:[46]}\">\n                    <\/div>\n        <\/div>\t\t<\/div>\n\t\t\t\t<\/div>\n\t\t            <\/div>\r\n        <\/div>\r\n        \t\t\t<\/div>\n\t\t<\/section>\n\t\t\t\t<\/div>","protected":false},"excerpt":{"rendered":"<p>Rolling Roof Das Rolling Roof-System repr\u00e4sentiert die neueste Technologie f\u00fcr den Au\u00dfenbereich&hellip; Mehr Lesen Bioklimatische Systeme Bioklimatische Systeme bieten eine harmonische Kombination aus Funktionalit\u00e4t und Umweltbewusstsein.&hellip; Mehr Lesen Pergola Markise Die Pergola Markise ist die perfekte Kombination aus Schutz und&hellip; Mehr Lesen Gebogene Pergola Die gebogene Pergola ist ein einzigartiges architektonisches Element, das Funktionalit\u00e4t&hellip; Mehr [&hellip;]<\/p>","protected":false},"author":1,"featured_media":0,"parent":0,"menu_order":0,"comment_status":"closed","ping_status":"closed","template":"","meta":{"_joinchat":[],"footnotes":""},"class_list":["post-46","page","type-page","status-publish","hentry"],"_links":{"self":[{"href":"https:\/\/visormarkise.de\/en\/wp-json\/wp\/v2\/pages\/46","targetHints":{"allow":["GET"]}}],"collection":[{"href":"https:\/\/visormarkise.de\/en\/wp-json\/wp\/v2\/pages"}],"about":[{"href":"https:\/\/visormarkise.de\/en\/wp-json\/wp\/v2\/types\/page"}],"author":[{"embeddable":true,"href":"https:\/\/visormarkise.de\/en\/wp-json\/wp\/v2\/users\/1"}],"replies":[{"embeddable":true,"href":"https:\/\/visormarkise.de\/en\/wp-json\/wp\/v2\/comments?post=46"}],"version-history":[{"count":10,"href":"https:\/\/visormarkise.de\/en\/wp-json\/wp\/v2\/pages\/46\/revisions"}],"predecessor-version":[{"id":10606,"href":"https:\/\/visormarkise.de\/en\/wp-json\/wp\/v2\/pages\/46\/revisions\/10606"}],"wp:attachment":[{"href":"https:\/\/visormarkise.de\/en\/wp-json\/wp\/v2\/media?parent=46"}],"curies":[{"name":"wp","href":"https:\/\/api.w.org\/{rel}","templated":true}]}}