{"id":66,"date":"2023-09-29T08:14:32","date_gmt":"2023-09-29T08:14:32","guid":{"rendered":"https:\/\/demo.bravisthemes.com\/gotranscom\/?page_id=66"},"modified":"2024-12-11T14:26:20","modified_gmt":"2024-12-11T11:26:20","slug":"historie","status":"publish","type":"page","link":"https:\/\/visormarkise.de\/en\/uber-uns\/historie\/","title":{"rendered":"History"},"content":{"rendered":"<div data-elementor-type=\"wp-page\" data-elementor-id=\"66\" class=\"elementor elementor-66\" data-elementor-post-type=\"page\">\n\t\t\t\t        <section class=\"elementor-section elementor-top-section elementor-element elementor-element-d9b6bd5 elementor-section-stretched elementor-section-boxed elementor-section-height-default elementor-section-height-default pxl-row-scroll-none pxl-section-overflow-visible pxl-bg-color-none pxl-section-overlay-none\" data-id=\"d9b6bd5\" data-element_type=\"section\" data-settings=\"{&quot;stretch_section&quot;:&quot;section-stretched&quot;}\">\n\n                \n                <div class=\"elementor-container elementor-column-gap-extended\">\n                <div class=\"elementor-column elementor-col-100 elementor-top-column elementor-element elementor-element-7939f87 pxl-column-none pxl-column-overflow-hidden-no\" data-id=\"7939f87\" data-element_type=\"column\">\r\n        <div class=\"elementor-widget-wrap elementor-element-populated\">\r\n                     \r\n        \t\t<div class=\"elementor-element elementor-element-e8887c9 elementor-widget elementor-widget-pxl_heading\" data-id=\"e8887c9\" data-element_type=\"widget\" data-widget_type=\"pxl_heading.default\">\n\t\t\t\t<div class=\"elementor-widget-container\">\n\t\t\t<div id=\"pxl-pxl_heading-e8887c9-3892\" class=\"pxl-heading pxl-heading--tcustom px-sub-title-box-style\">\n\t<div class=\"pxl-heading--inner\">\n\t\t\t\t\n\t\t<div class=\"pxl-item--subtitle px-sub-title-box\" data-wow-delay=\"ms\">\n\t\t\t<span class=\"pxl-item--subtext\">\n\t\t\t\t\t\t\t\tVISOR AWNING\t\t\t<\/span>\n\t\t<\/div>\n\t\t\n\t<h3 class=\"pxl-item--title\" data-wow-delay=\"ms\">\n\tOur Story\t\t\t\n\t<\/h3>\n\t\n<\/div>\n<\/div>\t\t<\/div>\n\t\t\t\t<\/div>\n\t\t            <\/div>\r\n        <\/div>\r\n        \t\t\t<\/div>\n\t\t<\/section>\n\t\t        <section class=\"elementor-section elementor-top-section elementor-element elementor-element-a79832c elementor-section-stretched elementor-section-content-middle elementor-section-boxed elementor-section-height-default elementor-section-height-default pxl-row-scroll-none pxl-section-overflow-visible pxl-bg-color-none pxl-section-overlay-none\" data-id=\"a79832c\" data-element_type=\"section\" data-settings=\"{&quot;stretch_section&quot;:&quot;section-stretched&quot;}\">\n\n                \n                <div class=\"elementor-container elementor-column-gap-extended\">\n                <div class=\"elementor-column elementor-col-100 elementor-top-column elementor-element elementor-element-3c48216 pxl-column-none pxl-column-overflow-hidden-no\" data-id=\"3c48216\" data-element_type=\"column\">\r\n        <div class=\"elementor-widget-wrap elementor-element-populated\">\r\n                     \r\n        \t\t<div class=\"elementor-element elementor-element-b1c26dc tarihceborder elementor-widget elementor-widget-pxl_history\" data-id=\"b1c26dc\" data-element_type=\"widget\" data-widget_type=\"pxl_history.default\">\n\t\t\t\t<div class=\"elementor-widget-container\">\n\t\t\t<div class=\"pxl-history\">\r\n    <div class=\"pxl-history-1\" data-wow-delay=\"ms\">\r\n                <div class=\"corner-box wow zoomInSmall elementor-repeater-item-ea70f87\">\r\n        <div class=\"wrap-content\">\r\n            <div class=\"box-1\">\r\n                <div class=\"title\">Founding of Visor Awning<\/div>\r\n                <div class=\"desc\">Visor Markise wurde im Jahr 1975 gegr\u00fcndet, um eine Marktl\u00fccke im Bereich Markisen zu f\u00fcllen und den Kunden hochwertige, langlebige und \u00e4sthetische L\u00f6sungen zu bieten. Vom ersten Tag an haben wir uns auf Kundenzufriedenheit konzentriert und innovative Produkte und Dienstleistungen entwickelt.<\/div>\r\n            <\/div>\r\n            <div class=\"step\">1<\/div>\r\n            <div class=\"box-2\">\r\n                <div class=\"date\">1975<\/div>\r\n                <div class=\"subtitle\">Our Foundation<\/div>\r\n            <\/div>\r\n        <\/div>\r\n    <\/div>\r\n            <div class=\"corner-box wow zoomInSmall elementor-repeater-item-df6dc00\">\r\n        <div class=\"wrap-content\">\r\n            <div class=\"box-1\">\r\n                <div class=\"title\">Expansion Phase And Growth<\/div>\r\n                <div class=\"desc\">Since its establishment, Visor awning has rapidly gained popularity and has become one of the leading companies in the industry. First of all, we built up a strong customer base in the local market before we started operating nationwide. Over the years, we have successfully completed numerous projects and further expanded our leading market position.<\/div>\r\n            <\/div>\r\n            <div class=\"step\">2<\/div>\r\n            <div class=\"box-2\">\r\n                <div class=\"date\">1990<\/div>\r\n                <div class=\"subtitle\">Growth Process<\/div>\r\n            <\/div>\r\n        <\/div>\r\n    <\/div>\r\n            <div class=\"corner-box wow zoomInSmall elementor-repeater-item-791ba3b\">\r\n        <div class=\"wrap-content\">\r\n            <div class=\"box-1\">\r\n                <div class=\"title\">Future Investments And Innovations<\/div>\r\n                <div class=\"desc\">Visor Awning continues to strive to provide innovative solutions. We plan to invest in the development of more environmentally friendly products and technologies and thus make our products even more sustainable. We also want to expand on the international market and continue to play a leading role in the industry.<\/div>\r\n            <\/div>\r\n            <div class=\"step\">3<\/div>\r\n            <div class=\"box-2\">\r\n                <div class=\"date\">2010<\/div>\r\n                <div class=\"subtitle\">Investment in the Future<\/div>\r\n            <\/div>\r\n        <\/div>\r\n    <\/div>\r\n            <div class=\"corner-box wow zoomInSmall elementor-repeater-item-a1ec485\">\r\n        <div class=\"wrap-content\">\r\n            <div class=\"box-1\">\r\n                <div class=\"title\">Milestones<\/div>\r\n                <div class=\"desc\">Over the years, Visor Markise has achieved a number of significant milestones. From the first successful project to the expansion of our product range, each step has been a testament to our continuous development and commitment to providing our customers with the best solutions.<\/div>\r\n            <\/div>\r\n            <div class=\"step\">4<\/div>\r\n            <div class=\"box-2\">\r\n                <div class=\"date\">2025<\/div>\r\n                <div class=\"subtitle\">Our Successes<\/div>\r\n            <\/div>\r\n        <\/div>\r\n    <\/div>\r\n<div class=\"end\">\r\n    <i class=\"caseicon-double-chevron-down\"><\/i>\r\n<\/div>\r\n<\/div>\r\n<\/div> \t\t<\/div>\n\t\t\t\t<\/div>\n\t\t            <\/div>\r\n        <\/div>\r\n        \t\t\t<\/div>\n\t\t<\/section>\n\t\t\t\t<\/div>","protected":false},"excerpt":{"rendered":"<p>VISOR MARKISE Unsere Geschichte Gr\u00fcndung Von Visor Markise Visor Markise wurde im Jahr 1975 gegr\u00fcndet, um eine Marktl\u00fccke im Bereich Markisen zu f\u00fcllen und den Kunden hochwertige, langlebige und \u00e4sthetische L\u00f6sungen zu bieten. Vom ersten Tag an haben wir uns auf Kundenzufriedenheit konzentriert und innovative Produkte und Dienstleistungen entwickelt. 1 1975 Unsere Gr\u00fcndung Expansionsphase Und [&hellip;]<\/p>","protected":false},"author":1,"featured_media":0,"parent":69,"menu_order":0,"comment_status":"closed","ping_status":"closed","template":"","meta":{"_joinchat":[],"footnotes":""},"class_list":["post-66","page","type-page","status-publish","hentry"],"_links":{"self":[{"href":"https:\/\/visormarkise.de\/en\/wp-json\/wp\/v2\/pages\/66","targetHints":{"allow":["GET"]}}],"collection":[{"href":"https:\/\/visormarkise.de\/en\/wp-json\/wp\/v2\/pages"}],"about":[{"href":"https:\/\/visormarkise.de\/en\/wp-json\/wp\/v2\/types\/page"}],"author":[{"embeddable":true,"href":"https:\/\/visormarkise.de\/en\/wp-json\/wp\/v2\/users\/1"}],"replies":[{"embeddable":true,"href":"https:\/\/visormarkise.de\/en\/wp-json\/wp\/v2\/comments?post=66"}],"version-history":[{"count":22,"href":"https:\/\/visormarkise.de\/en\/wp-json\/wp\/v2\/pages\/66\/revisions"}],"predecessor-version":[{"id":11131,"href":"https:\/\/visormarkise.de\/en\/wp-json\/wp\/v2\/pages\/66\/revisions\/11131"}],"up":[{"embeddable":true,"href":"https:\/\/visormarkise.de\/en\/wp-json\/wp\/v2\/pages\/69"}],"wp:attachment":[{"href":"https:\/\/visormarkise.de\/en\/wp-json\/wp\/v2\/media?parent=66"}],"curies":[{"name":"wp","href":"https:\/\/api.w.org\/{rel}","templated":true}]}}